{"id":49,"date":"2022-04-12T15:00:18","date_gmt":"2022-04-12T13:00:18","guid":{"rendered":"https:\/\/domaineterresdesable.com\/?post_type=product&#038;p=49"},"modified":"2023-03-10T18:21:35","modified_gmt":"2023-03-10T17:21:35","slug":"nuits-bleues","status":"publish","type":"product","link":"https:\/\/domaineterresdesable.com\/index.php\/produit\/nuits-bleues\/","title":{"rendered":"Nuits Bleues"},"content":{"rendered":"<p>La robe de ce vin \u00ab gris \u00bb est brillante, p\u00e2le avec des reflets pomelo. Vous trouverez des notes d\u00e9monstratives d&#8217;agrumes, d&#8217;\u00e9corce de c\u00e9drat, des ar\u00f4mes \u00e9pic\u00e9s de poivre rose. La bouche a une trame fra\u00eeche et acidul\u00e9e. Ce vin est d\u00e9salt\u00e9rant et iod\u00e9.<\/p>\n","protected":false},"excerpt":{"rendered":"<p>Grenache Gris &amp; Noir<\/p>\n","protected":false},"featured_media":324,"template":"","meta":[],"product_cat":[20],"product_tag":[],"class_list":["post-49","product","type-product","status-publish","has-post-thumbnail","hentry","product_cat-vins"],"acf":[],"_links":{"self":[{"href":"https:\/\/domaineterresdesable.com\/index.php\/wp-json\/wp\/v2\/product\/49","targetHints":{"allow":["GET"]}}],"collection":[{"href":"https:\/\/domaineterresdesable.com\/index.php\/wp-json\/wp\/v2\/product"}],"about":[{"href":"https:\/\/domaineterresdesable.com\/index.php\/wp-json\/wp\/v2\/types\/product"}],"wp:featuredmedia":[{"embeddable":true,"href":"https:\/\/domaineterresdesable.com\/index.php\/wp-json\/wp\/v2\/media\/324"}],"wp:attachment":[{"href":"https:\/\/domaineterresdesable.com\/index.php\/wp-json\/wp\/v2\/media?parent=49"}],"wp:term":[{"taxonomy":"product_cat","embeddable":true,"href":"https:\/\/domaineterresdesable.com\/index.php\/wp-json\/wp\/v2\/product_cat?post=49"},{"taxonomy":"product_tag","embeddable":true,"href":"https:\/\/domaineterresdesable.com\/index.php\/wp-json\/wp\/v2\/product_tag?post=49"}],"curies":[{"name":"wp","href":"https:\/\/api.w.org\/{rel}","templated":true}]}}